{"id":1510,"date":"2022-11-11T13:36:57","date_gmt":"2022-11-11T13:36:57","guid":{"rendered":"https:\/\/www.roescher-gmbh.de\/?page_id=1510"},"modified":"2023-03-27T11:20:27","modified_gmt":"2023-03-27T11:20:27","slug":"agbs","status":"publish","type":"page","link":"https:\/\/www.roescher-gmbh.de\/en\/agbs\/","title":{"rendered":"Terms of Conditions"},"content":{"rendered":"[vc_row type=&#8221;in_container&#8221; full_screen_row_position=&#8221;middle&#8221; column_margin=&#8221;default&#8221; column_direction=&#8221;default&#8221; column_direction_tablet=&#8221;default&#8221; column_direction_phone=&#8221;default&#8221; scene_position=&#8221;center&#8221; top_padding=&#8221;150&#8243; bottom_padding=&#8221;100&#8243; top_padding_tablet=&#8221;150&#8243; top_padding_phone=&#8221;60&#8243; text_color=&#8221;dark&#8221; text_align=&#8221;left&#8221; row_border_radius=&#8221;none&#8221; row_border_radius_applies=&#8221;bg&#8221; overflow=&#8221;visible&#8221; overlay_strength=&#8221;0.3&#8243; gradient_direction=&#8221;left_to_right&#8221; shape_divider_position=&#8221;bottom&#8221; bg_image_animation=&#8221;none&#8221; gradient_type=&#8221;default&#8221; shape_type=&#8221;&#8221;][vc_column column_padding=&#8221;no-extra-padding&#8221; column_padding_tablet=&#8221;inherit&#8221; column_padding_phone=&#8221;inherit&#8221; column_padding_position=&#8221;all&#8221; column_element_direction_desktop=&#8221;default&#8221; column_element_spacing=&#8221;default&#8221; desktop_text_alignment=&#8221;default&#8221; tablet_text_alignment=&#8221;default&#8221; phone_text_alignment=&#8221;default&#8221; background_color_opacity=&#8221;1&#8243; background_hover_color_opacity=&#8221;1&#8243; column_backdrop_filter=&#8221;none&#8221; column_shadow=&#8221;none&#8221; column_border_radius=&#8221;none&#8221; column_link_target=&#8221;_self&#8221; column_position=&#8221;default&#8221; gradient_direction=&#8221;left_to_right&#8221; overlay_strength=&#8221;0.3&#8243; width=&#8221;1\/1&#8243; tablet_width_inherit=&#8221;default&#8221; animation_type=&#8221;default&#8221; bg_image_animation=&#8221;none&#8221; border_type=&#8221;simple&#8221; column_border_width=&#8221;none&#8221; column_border_style=&#8221;solid&#8221;][vc_column_text]\n<h2>Terms of Conditions<\/h2>\n[\/vc_column_text][vc_column_text]\n<h2 class=\"western\">Validity of the conditions<\/h2>\n<p>1. The deliveries, services and offers of R\u00f6scher GmbH are exclusively based on these terms and conditions. They therefore also apply to all future business relations, even if they are not explicitly agreed again. These terms and conditions shall be deemed accepted upon the latest receipt of the service. Counter-confirmation of the contracting partner with reference to his terms and conditions is hereby contradicted.<\/p>\n<p>2. Deviations from these terms and conditions are only effective if R\u00f6scher GmbH confirms them in writing.<\/p>\n<h2 class=\"western\">Offer and conclusion of contract<\/h2>\n<p>1. The documents belonging to the offer, such as illustrations, drawings, dimensional data or other performance data, are only approximately authoritative, unless they are expressly designated as binding. The offers of R\u00f6scher GmbH are subject to change and non-binding. Declarations of acceptance and all orders require the written confirmation of R\u00f6scher GmbH to be legally effective. If, after receipt and examination of the sample parts, we find that we have assumed incorrect premises for the preparation of the offer, we reserve the right to revoke our offer within a period of one week free of charge for us.<\/p>\n<h2 class=\"western\">Bidding documents<\/h2>\n<p>R\u00f6scher GmbH reserves the right of ownership and copyright to cost estimates, drawings and other documents. The contractual partner may only exploit the intellectual property of R\u00f6scher GmbH if a corresponding right of use has been assigned to him. Should the scope of the order change subsequently, we reserve the right to amend the offer.<\/p>\n<h2 class=\"western\">Prices and payment<\/h2>\n<p>1. Unless otherwise stated, R\u00f6scher GmbH shall be bound by the prices contained in its offers for 30 days from the date thereof. The prices stated in the order confirmation of R\u00f6scher GmbH plus the respective statutory value added tax are decisive. Additional deliveries and services will be charged separately.<\/p>\n<p>2. R\u00f6scher GmbH is entitled to demand reasonable advances from the contractual partner to cover the costs of pre-financed components.<\/p>\n<p>3. Unless otherwise agreed, invoices of R\u00f6scher GmbH are payable 14 days after invoicing without deduction. Payment is deemed to have been made when R\u00f6scher GmbH can dispose of the amount. In the case of cheques, payment is only deemed to have been received when the cheque is cashed.<\/p>\n<p>4. If the contractual partner is in default, R\u00f6scher GmbH is entitled to charge interest from the relevant point in time at the rate charged by commercial banks for open overdrafts. They are to be set at a lower rate if the contractual partner can prove a lower charge.<\/p>\n<p>5. If R\u00f6scher GmbH becomes aware of circumstances that call into question the creditworthiness of the contractual partner, in particular if a cheque is not honoured or his payments are stopped, or if R\u00f6scher GmbH becomes aware of other circumstances that speak against the creditworthiness of the contractual partner, R\u00f6scher GmbH is entitled to make the entire remaining debt due, even if it has accepted cheques. In this case, R\u00f6scher GmbH is also entitled to demand advance payments or the provision of security.<\/p>\n<p>The contractual partner shall only be entitled to set-off, retention or reduction, even if notices of defects or counterclaims are asserted, if the counterclaims have been legally established or are undisputed. The customer is only entitled to withhold payment due to counterclaims from the same contractual relationship.<\/p>\n<h2 class=\"western\">Delivery and performance time<\/h2>\n<p>1. Delivery dates or deadlines can be agreed as binding only in writing.<\/p>\n<p>2. R\u00f6scher GmbH is not responsible for delays in delivery and performance due to force majeure or due to events that make performance significantly more difficult or impossible for R\u00f6scher GmbH, even in the case of bindingly agreed deadlines and dates. They entitle R\u00f6scher GmbH to postpone the delivery or service by the duration of the hindrance plus a reasonable start-up time or to withdraw from the contract in whole or in part due to the part not yet fulfilled.<\/p>\n<p>3. If the impediment lasts longer than three months, the contractual partner is entitled, after setting a reasonable grace period, to withdraw from the contract with regard to the part not yet fulfilled. If the delivery time is extended or if R\u00f6scher GmbH is released from its obligation, the contractual partner cannot derive any claims for damages from this. R\u00f6scher GmbH can only refer to the aforementioned circumstances if it informs the contractual partner immediately.<\/p>\n<p>Acceptance shall take place no later than 10 days after readiness for acceptance. Otherwise, the machine shall be deemed accepted after the start of production.<\/p>\n<p>5. R\u00f6scher GmbH is entitled to partial deliveries and partial services.<\/p>\n<h2 class=\"western\">Retention of title<\/h2>\n<p>1. R\u00f6scher GmbH retains ownership of the object of performance until receipt of all payments arising from the contract with the customer.<\/p>\n<p>2. The contractual partner may neither pledge the object of performance nor assign it as security. In the event of seizure or confiscation or other dispositions by third parties, the contractual partner must inform R\u00f6scher GmbH immediately.<\/p>\n<p>3. In the event of behaviour contrary to the contract on the part of the contractual partner, in particular in the event of default in payment, R\u00f6scher GmbH is entitled to take back the object of performance after issuing a reminder and the contractual partner is obliged to surrender it.<\/p>\n<h2 class=\"western\">Liability for defects<\/h2>\n<p>If there is a defect in the service for which R\u00f6scher GmbH is responsible, R\u00f6scher GmbH is entitled to choose between rectification of the defect or replacement delivery. For this purpose, the contractual partner has to give R\u00f6scher GmbH the necessary time and opportunity, otherwise R\u00f6scher GmbH is released from the liability for defects. Only in urgent cases of danger to operational safety and to prevent disproportionately high damage, in which case R\u00f6scher GmbH must be informed immediately, or if R\u00f6scher GmbH is in default with the rectification of the defect, the contractual partner has the right to rectify the defect himself or have it rectified by third parties and to demand reimbursement of the necessary costs from R\u00f6scher GmbH.<\/p>\n<p>2. R\u00f6scher GmbH shall bear the direct costs arising from the repair or replacement delivery, insofar as the complaint of the contractual partner proves to be justified.<\/p>\n<p>3. Further claims of the contractual partner, in particular a claim for compensation for damages which have not occurred to the object of performance itself, including claims for loss of profit or due to other financial losses of the contractual partner are excluded.<\/p>\n<p>This exclusion of liability does not apply in the case of intent or gross negligence on the part of R\u00f6scher GmbH and in cases in which the Product Liability Act is applicable or in the case of the absence of characteristics that have been expressly warranted if the purpose of the warranty was precisely to protect the contractual partner against damage that did not occur to the delivery item itself.<\/p>\n<h2 class=\"western\">Duration of liability<\/h2>\n<p>Claims of the contractual partner against R\u00f6scher GmbH, irrespective of the legal grounds, shall become statute-barred upon expiry of 6 months. The limitation period begins with the acceptance of the last service to be provided by R\u00f6scher GmbH according to this contract.<\/p>\n<h2 class=\"western\">Final provisions<\/h2>\n<p>(1) These terms and conditions and all legal relations between the contracting parties shall be governed by the law of the Federal Republic of Germany.<\/p>\n<p>(2) Insofar as the contractual partner is a fully qualified merchant within the meaning of the German Commercial Code (Handelsgesetzbuch), a legal entity under public law or a special fund under public law, the registered office of R\u00f6scher GmbH in Berlin shall be the place of jurisdiction for all disputes arising directly or indirectly from the contractual relationship.<\/p>\n<p>If a provision in these terms and conditions or in the context of other agreements is or becomes invalid, this shall not affect the validity of all other provisions or agreements. In such a case, the parties are obliged to place each other in such a position as if a substitute provision had been agreed which fulfils the economic purpose of the invalid provision as far as possible in an effective manner. The same shall apply in the event of a loophole in the contract.[\/vc_column_text][\/vc_column][\/vc_row]\n","protected":false},"excerpt":{"rendered":"<p>[vc_row type=&#8221;in_container&#8221; full_screen_row_position=&#8221;middle&#8221; column_margin=&#8221;default&#8221; column_direction=&#8221;default&#8221; column_direction_tablet=&#8221;default&#8221; column_direction_phone=&#8221;default&#8221; scene_position=&#8221;center&#8221; top_padding=&#8221;150&#8243; bottom_padding=&#8221;100&#8243; top_padding_tablet=&#8221;150&#8243; top_padding_phone=&#8221;60&#8243; text_color=&#8221;dark&#8221; text_align=&#8221;left&#8221; row_border_radius=&#8221;none&#8221; row_border_radius_applies=&#8221;bg&#8221; overflow=&#8221;visible&#8221; overlay_strength=&#8221;0.3&#8243; gradient_direction=&#8221;left_to_right&#8221; shape_divider_position=&#8221;bottom&#8221; bg_image_animation=&#8221;none&#8221; gradient_type=&#8221;default&#8221; shape_type=&#8221;&#8221;][vc_column column_padding=&#8221;no-extra-padding&#8221; column_padding_tablet=&#8221;inherit&#8221; column_padding_phone=&#8221;inherit&#8221; column_padding_position=&#8221;all&#8221; column_element_direction_desktop=&#8221;default&#8221; column_element_spacing=&#8221;default&#8221; desktop_text_alignment=&#8221;default&#8221;&#8230;<\/p>\n","protected":false},"author":3,"featured_media":0,"parent":0,"menu_order":0,"comment_status":"closed","ping_status":"closed","template":"","meta":{"inline_featured_image":false,"footnotes":""},"class_list":["post-1510","page","type-page","status-publish"],"yoast_head":"<!-- This site is optimized with the Yoast SEO plugin v20.1 - https:\/\/yoast.com\/wordpress\/plugins\/seo\/ -->\n<title>Terms of Conditions - R\u00f6scher GmbH<\/title>\n<meta name=\"robots\" content=\"index, follow, max-snippet:-1, max-image-preview:large, max-video-preview:-1\" \/>\n<link rel=\"canonical\" href=\"https:\/\/www.roescher-gmbh.de\/en\/agbs\/\" \/>\n<meta property=\"og:locale\" content=\"en_US\" \/>\n<meta property=\"og:type\" content=\"article\" \/>\n<meta property=\"og:title\" content=\"Terms of Conditions - R\u00f6scher GmbH\" \/>\n<meta property=\"og:description\" content=\"[vc_row type=&#8221;in_container&#8221; full_screen_row_position=&#8221;middle&#8221; column_margin=&#8221;default&#8221; column_direction=&#8221;default&#8221; column_direction_tablet=&#8221;default&#8221; column_direction_phone=&#8221;default&#8221; scene_position=&#8221;center&#8221; top_padding=&#8221;150&#8243; bottom_padding=&#8221;100&#8243; top_padding_tablet=&#8221;150&#8243; top_padding_phone=&#8221;60&#8243; text_color=&#8221;dark&#8221; text_align=&#8221;left&#8221; row_border_radius=&#8221;none&#8221; row_border_radius_applies=&#8221;bg&#8221; overflow=&#8221;visible&#8221; overlay_strength=&#8221;0.3&#8243; gradient_direction=&#8221;left_to_right&#8221; shape_divider_position=&#8221;bottom&#8221; bg_image_animation=&#8221;none&#8221; gradient_type=&#8221;default&#8221; shape_type=&#8221;&#8221;][vc_column column_padding=&#8221;no-extra-padding&#8221; column_padding_tablet=&#8221;inherit&#8221; column_padding_phone=&#8221;inherit&#8221; column_padding_position=&#8221;all&#8221; column_element_direction_desktop=&#8221;default&#8221; column_element_spacing=&#8221;default&#8221; desktop_text_alignment=&#8221;default&#8221;...\" \/>\n<meta property=\"og:url\" content=\"https:\/\/www.roescher-gmbh.de\/en\/agbs\/\" \/>\n<meta property=\"og:site_name\" content=\"R\u00f6scher GmbH\" \/>\n<meta property=\"article:modified_time\" content=\"2023-03-27T11:20:27+00:00\" \/>\n<meta property=\"og:image\" content=\"https:\/\/www.roescher-gmbh.de\/wp-content\/uploads\/2022\/11\/GAP_3178.jpg\" \/>\n\t<meta property=\"og:image:width\" content=\"1718\" \/>\n\t<meta property=\"og:image:height\" content=\"1365\" \/>\n\t<meta property=\"og:image:type\" content=\"image\/jpeg\" \/>\n<meta name=\"twitter:card\" content=\"summary_large_image\" \/>\n<meta name=\"twitter:label1\" content=\"Est. reading time\" \/>\n\t<meta name=\"twitter:data1\" content=\"8 minutes\" \/>\n<script type=\"application\/ld+json\" class=\"yoast-schema-graph\">{\"@context\":\"https:\/\/schema.org\",\"@graph\":[{\"@type\":\"WebPage\",\"@id\":\"https:\/\/www.roescher-gmbh.de\/en\/agbs\/\",\"url\":\"https:\/\/www.roescher-gmbh.de\/en\/agbs\/\",\"name\":\"Terms of Conditions - R\u00f6scher GmbH\",\"isPartOf\":{\"@id\":\"https:\/\/www.roescher-gmbh.de\/#website\"},\"datePublished\":\"2022-11-11T13:36:57+00:00\",\"dateModified\":\"2023-03-27T11:20:27+00:00\",\"breadcrumb\":{\"@id\":\"https:\/\/www.roescher-gmbh.de\/en\/agbs\/#breadcrumb\"},\"inLanguage\":\"en-US\",\"potentialAction\":[{\"@type\":\"ReadAction\",\"target\":[\"https:\/\/www.roescher-gmbh.de\/en\/agbs\/\"]}]},{\"@type\":\"BreadcrumbList\",\"@id\":\"https:\/\/www.roescher-gmbh.de\/en\/agbs\/#breadcrumb\",\"itemListElement\":[{\"@type\":\"ListItem\",\"position\":1,\"name\":\"Startseite\",\"item\":\"https:\/\/www.roescher-gmbh.de\/en\/\"},{\"@type\":\"ListItem\",\"position\":2,\"name\":\"Terms of Conditions\"}]},{\"@type\":\"WebSite\",\"@id\":\"https:\/\/www.roescher-gmbh.de\/#website\",\"url\":\"https:\/\/www.roescher-gmbh.de\/\",\"name\":\"R\u00f6scher GmbH\",\"description\":\"\",\"potentialAction\":[{\"@type\":\"SearchAction\",\"target\":{\"@type\":\"EntryPoint\",\"urlTemplate\":\"https:\/\/www.roescher-gmbh.de\/?s={search_term_string}\"},\"query-input\":\"required name=search_term_string\"}],\"inLanguage\":\"en-US\"}]}<\/script>\n<!-- \/ Yoast SEO plugin. -->","yoast_head_json":{"title":"Terms of Conditions - R\u00f6scher GmbH","robots":{"index":"index","follow":"follow","max-snippet":"max-snippet:-1","max-image-preview":"max-image-preview:large","max-video-preview":"max-video-preview:-1"},"canonical":"https:\/\/www.roescher-gmbh.de\/en\/agbs\/","og_locale":"en_US","og_type":"article","og_title":"Terms of Conditions - R\u00f6scher GmbH","og_description":"[vc_row type=&#8221;in_container&#8221; full_screen_row_position=&#8221;middle&#8221; column_margin=&#8221;default&#8221; column_direction=&#8221;default&#8221; column_direction_tablet=&#8221;default&#8221; column_direction_phone=&#8221;default&#8221; scene_position=&#8221;center&#8221; top_padding=&#8221;150&#8243; bottom_padding=&#8221;100&#8243; top_padding_tablet=&#8221;150&#8243; top_padding_phone=&#8221;60&#8243; text_color=&#8221;dark&#8221; text_align=&#8221;left&#8221; row_border_radius=&#8221;none&#8221; row_border_radius_applies=&#8221;bg&#8221; overflow=&#8221;visible&#8221; overlay_strength=&#8221;0.3&#8243; gradient_direction=&#8221;left_to_right&#8221; shape_divider_position=&#8221;bottom&#8221; bg_image_animation=&#8221;none&#8221; gradient_type=&#8221;default&#8221; shape_type=&#8221;&#8221;][vc_column column_padding=&#8221;no-extra-padding&#8221; column_padding_tablet=&#8221;inherit&#8221; column_padding_phone=&#8221;inherit&#8221; column_padding_position=&#8221;all&#8221; column_element_direction_desktop=&#8221;default&#8221; column_element_spacing=&#8221;default&#8221; desktop_text_alignment=&#8221;default&#8221;...","og_url":"https:\/\/www.roescher-gmbh.de\/en\/agbs\/","og_site_name":"R\u00f6scher GmbH","article_modified_time":"2023-03-27T11:20:27+00:00","og_image":[{"width":1718,"height":1365,"url":"https:\/\/www.roescher-gmbh.de\/wp-content\/uploads\/2022\/11\/GAP_3178.jpg","type":"image\/jpeg"}],"twitter_card":"summary_large_image","twitter_misc":{"Est. reading time":"8 minutes"},"schema":{"@context":"https:\/\/schema.org","@graph":[{"@type":"WebPage","@id":"https:\/\/www.roescher-gmbh.de\/en\/agbs\/","url":"https:\/\/www.roescher-gmbh.de\/en\/agbs\/","name":"Terms of Conditions - R\u00f6scher GmbH","isPartOf":{"@id":"https:\/\/www.roescher-gmbh.de\/#website"},"datePublished":"2022-11-11T13:36:57+00:00","dateModified":"2023-03-27T11:20:27+00:00","breadcrumb":{"@id":"https:\/\/www.roescher-gmbh.de\/en\/agbs\/#breadcrumb"},"inLanguage":"en-US","potentialAction":[{"@type":"ReadAction","target":["https:\/\/www.roescher-gmbh.de\/en\/agbs\/"]}]},{"@type":"BreadcrumbList","@id":"https:\/\/www.roescher-gmbh.de\/en\/agbs\/#breadcrumb","itemListElement":[{"@type":"ListItem","position":1,"name":"Startseite","item":"https:\/\/www.roescher-gmbh.de\/en\/"},{"@type":"ListItem","position":2,"name":"Terms of Conditions"}]},{"@type":"WebSite","@id":"https:\/\/www.roescher-gmbh.de\/#website","url":"https:\/\/www.roescher-gmbh.de\/","name":"R\u00f6scher GmbH","description":"","potentialAction":[{"@type":"SearchAction","target":{"@type":"EntryPoint","urlTemplate":"https:\/\/www.roescher-gmbh.de\/?s={search_term_string}"},"query-input":"required name=search_term_string"}],"inLanguage":"en-US"}]}},"_links":{"self":[{"href":"https:\/\/www.roescher-gmbh.de\/en\/wp-json\/wp\/v2\/pages\/1510","targetHints":{"allow":["GET"]}}],"collection":[{"href":"https:\/\/www.roescher-gmbh.de\/en\/wp-json\/wp\/v2\/pages"}],"about":[{"href":"https:\/\/www.roescher-gmbh.de\/en\/wp-json\/wp\/v2\/types\/page"}],"author":[{"embeddable":true,"href":"https:\/\/www.roescher-gmbh.de\/en\/wp-json\/wp\/v2\/users\/3"}],"replies":[{"embeddable":true,"href":"https:\/\/www.roescher-gmbh.de\/en\/wp-json\/wp\/v2\/comments?post=1510"}],"version-history":[{"count":6,"href":"https:\/\/www.roescher-gmbh.de\/en\/wp-json\/wp\/v2\/pages\/1510\/revisions"}],"predecessor-version":[{"id":1676,"href":"https:\/\/www.roescher-gmbh.de\/en\/wp-json\/wp\/v2\/pages\/1510\/revisions\/1676"}],"wp:attachment":[{"href":"https:\/\/www.roescher-gmbh.de\/en\/wp-json\/wp\/v2\/media?parent=1510"}],"curies":[{"name":"wp","href":"https:\/\/api.w.org\/{rel}","templated":true}]}}